{"id":29,"date":"2026-03-23T15:22:37","date_gmt":"2026-03-23T15:22:37","guid":{"rendered":"https:\/\/antoinebigotte.ovh\/?page_id=29"},"modified":"2026-03-26T10:37:41","modified_gmt":"2026-03-26T10:37:41","slug":"portfolio","status":"publish","type":"page","link":"https:\/\/antoinebigotte.ovh\/?page_id=29","title":{"rendered":"Mes projets"},"content":{"rendered":"\t\t<div data-elementor-type=\"wp-page\" data-elementor-id=\"29\" class=\"elementor elementor-29\">\n\t\t\t\t<div class=\"elementor-element elementor-element-63d34850 e-flex e-con-boxed e-con e-parent\" data-id=\"63d34850\" data-element_type=\"container\" data-e-type=\"container\">\n\t\t\t\t\t<div class=\"e-con-inner\">\n\t\t\t\t<div class=\"elementor-element elementor-element-693a71ea elementor-widget elementor-widget-heading\" data-id=\"693a71ea\" data-element_type=\"widget\" data-e-type=\"widget\" data-widget_type=\"heading.default\">\n\t\t\t\t\t<h1 class=\"elementor-heading-title elementor-size-default\">Mes projets<\/h1>\t\t\t\t<\/div>\n\t\t\t\t<div class=\"elementor-element elementor-element-152ac140 elementor-widget elementor-widget-heading\" data-id=\"152ac140\" data-element_type=\"widget\" data-e-type=\"widget\" data-widget_type=\"heading.default\">\n\t\t\t\t\t<h5 class=\"elementor-heading-title elementor-size-default\">D\u00e9couvrez ici les projets professionnels effectu\u00e9s ces derni\u00e8res ann\u00e9es<\/h5>\t\t\t\t<\/div>\n\t\t\t\t\t<\/div>\n\t\t\t\t<\/div>\n\t\t<div class=\"elementor-element elementor-element-5b14bdd e-grid e-con-boxed e-con e-parent\" data-id=\"5b14bdd\" data-element_type=\"container\" data-e-type=\"container\">\n\t\t\t\t\t<div class=\"e-con-inner\">\n\t\t\t\t<div class=\"elementor-element elementor-element-43fb339 elementor-widget elementor-widget-image\" data-id=\"43fb339\" data-element_type=\"widget\" data-e-type=\"widget\" data-widget_type=\"image.default\">\n\t\t\t\t\t\t\t\t\t\t\t\t\t\t\t<img fetchpriority=\"high\" decoding=\"async\" width=\"1000\" height=\"1000\" src=\"http:\/\/antoinebigotte.ovh\/wp-content\/uploads\/2026\/03\/Design-sans-titre-4.png\" class=\"attachment-full size-full wp-image-117\" alt=\"\" srcset=\"http:\/\/antoinebigotte.ovh\/wp-content\/uploads\/2026\/03\/Design-sans-titre-4.png 1000w, http:\/\/antoinebigotte.ovh\/wp-content\/uploads\/2026\/03\/Design-sans-titre-4-300x300.png 300w, http:\/\/antoinebigotte.ovh\/wp-content\/uploads\/2026\/03\/Design-sans-titre-4-150x150.png 150w, http:\/\/antoinebigotte.ovh\/wp-content\/uploads\/2026\/03\/Design-sans-titre-4-768x768.png 768w\" sizes=\"(max-width: 1000px) 100vw, 1000px\" \/>\t\t\t\t\t\t\t\t\t\t\t\t\t\t\t<\/div>\n\t\t\t\t<div class=\"elementor-element elementor-element-1f971d5 elementor-widget elementor-widget-image\" data-id=\"1f971d5\" data-element_type=\"widget\" data-e-type=\"widget\" data-widget_type=\"image.default\">\n\t\t\t\t\t\t\t\t\t\t\t\t\t\t\t<img decoding=\"async\" width=\"800\" height=\"800\" src=\"http:\/\/antoinebigotte.ovh\/wp-content\/uploads\/2026\/03\/315449155_518178390205071_5238209805917291631_n.jpg\" class=\"attachment-large size-large wp-image-116\" alt=\"\" srcset=\"http:\/\/antoinebigotte.ovh\/wp-content\/uploads\/2026\/03\/315449155_518178390205071_5238209805917291631_n.jpg 966w, http:\/\/antoinebigotte.ovh\/wp-content\/uploads\/2026\/03\/315449155_518178390205071_5238209805917291631_n-300x300.jpg 300w, http:\/\/antoinebigotte.ovh\/wp-content\/uploads\/2026\/03\/315449155_518178390205071_5238209805917291631_n-150x150.jpg 150w, http:\/\/antoinebigotte.ovh\/wp-content\/uploads\/2026\/03\/315449155_518178390205071_5238209805917291631_n-768x768.jpg 768w\" sizes=\"(max-width: 800px) 100vw, 800px\" \/>\t\t\t\t\t\t\t\t\t\t\t\t\t\t\t<\/div>\n\t\t\t\t\t<\/div>\n\t\t\t\t<\/div>\n\t\t<div class=\"elementor-element elementor-element-18e6888 e-grid e-con-boxed e-con e-parent\" data-id=\"18e6888\" data-element_type=\"container\" data-e-type=\"container\">\n\t\t\t\t\t<div class=\"e-con-inner\">\n\t\t\t\t<div class=\"elementor-element elementor-element-5fc4e8e elementor-widget elementor-widget-text-editor\" data-id=\"5fc4e8e\" data-element_type=\"widget\" data-e-type=\"widget\" data-widget_type=\"text-editor.default\">\n\t\t\t\t\t\t\t\t\t<h1 style=\"text-align: center;\">Swipe! Le m\u00e9dia de l&#8217;actualit\u00e9 tech et t\u00e9l\u00e9phone<\/h1><p style=\"text-align: center;\">Mars 2023 &#8211; Aujourd&#8217;hui<\/p>\t\t\t\t\t\t\t\t<\/div>\n\t\t\t\t<div class=\"elementor-element elementor-element-ff803cd elementor-widget elementor-widget-text-editor\" data-id=\"ff803cd\" data-element_type=\"widget\" data-e-type=\"widget\" data-widget_type=\"text-editor.default\">\n\t\t\t\t\t\t\t\t\t<h1 style=\"text-align: center;\">Bombek, l&#8217;\u00e9mission<\/h1><p style=\"text-align: center;\">2022<\/p>\t\t\t\t\t\t\t\t<\/div>\n\t\t\t\t<div class=\"elementor-element elementor-element-82461dd elementor-widget elementor-widget-text-editor\" data-id=\"82461dd\" data-element_type=\"widget\" data-e-type=\"widget\" data-widget_type=\"text-editor.default\">\n\t\t\t\t\t\t\t\t\t<h1 style=\"text-align: center;\">Autres projets de communication<\/h1><p style=\"text-align: center;\">2021-2025<\/p>\t\t\t\t\t\t\t\t<\/div>\n\t\t\t\t\t<\/div>\n\t\t\t\t<\/div>\n\t\t\t\t<\/div>\n\t\t","protected":false},"excerpt":{"rendered":"<p>Mes projets D\u00e9couvrez ici les projets professionnels effectu\u00e9s ces derni\u00e8res ann\u00e9es Swipe! Le m\u00e9dia de l&#8217;actualit\u00e9 tech et t\u00e9l\u00e9phone Mars 2023 &#8211; Aujourd&#8217;hui Bombek, l&#8217;\u00e9mission 2022 Autres projets de communication 2021-2025<\/p>\n","protected":false},"author":1,"featured_media":41,"parent":0,"menu_order":0,"comment_status":"closed","ping_status":"closed","template":"elementor_header_footer","meta":{"footnotes":""},"class_list":["post-29","page","type-page","status-publish","has-post-thumbnail","hentry"],"_links":{"self":[{"href":"https:\/\/antoinebigotte.ovh\/index.php?rest_route=\/wp\/v2\/pages\/29","targetHints":{"allow":["GET"]}}],"collection":[{"href":"https:\/\/antoinebigotte.ovh\/index.php?rest_route=\/wp\/v2\/pages"}],"about":[{"href":"https:\/\/antoinebigotte.ovh\/index.php?rest_route=\/wp\/v2\/types\/page"}],"author":[{"embeddable":true,"href":"https:\/\/antoinebigotte.ovh\/index.php?rest_route=\/wp\/v2\/users\/1"}],"replies":[{"embeddable":true,"href":"https:\/\/antoinebigotte.ovh\/index.php?rest_route=%2Fwp%2Fv2%2Fcomments&post=29"}],"version-history":[{"count":7,"href":"https:\/\/antoinebigotte.ovh\/index.php?rest_route=\/wp\/v2\/pages\/29\/revisions"}],"predecessor-version":[{"id":120,"href":"https:\/\/antoinebigotte.ovh\/index.php?rest_route=\/wp\/v2\/pages\/29\/revisions\/120"}],"wp:featuredmedia":[{"embeddable":true,"href":"https:\/\/antoinebigotte.ovh\/index.php?rest_route=\/wp\/v2\/media\/41"}],"wp:attachment":[{"href":"https:\/\/antoinebigotte.ovh\/index.php?rest_route=%2Fwp%2Fv2%2Fmedia&parent=29"}],"curies":[{"name":"wp","href":"https:\/\/api.w.org\/{rel}","templated":true}]}}