{"id":42,"date":"2026-03-23T15:22:38","date_gmt":"2026-03-23T15:22:38","guid":{"rendered":"https:\/\/antoinebigotte.ovh\/?page_id=42"},"modified":"2026-03-25T14:05:34","modified_gmt":"2026-03-25T14:05:34","slug":"home","status":"publish","type":"page","link":"https:\/\/antoinebigotte.ovh\/","title":{"rendered":"Home"},"content":{"rendered":"\t\t<div data-elementor-type=\"wp-page\" data-elementor-id=\"42\" class=\"elementor elementor-42\">\n\t\t\t\t<div class=\"elementor-element elementor-element-6855ea2 e-grid e-con-boxed e-con e-parent\" data-id=\"6855ea2\" data-element_type=\"container\" data-e-type=\"container\">\n\t\t\t\t\t<div class=\"e-con-inner\">\n\t\t<div class=\"elementor-element elementor-element-6a263b30 e-con-full e-flex e-con e-child\" data-id=\"6a263b30\" data-element_type=\"container\" data-e-type=\"container\">\n\t\t\t\t<div class=\"elementor-element elementor-element-39b4cc8f elementor-widget__width-initial elementor-widget elementor-widget-heading\" data-id=\"39b4cc8f\" data-element_type=\"widget\" data-e-type=\"widget\" data-widget_type=\"heading.default\">\n\t\t\t\t\t<h1 class=\"elementor-heading-title elementor-size-default\">Antoine BIGOTTE<\/h1>\t\t\t\t<\/div>\n\t\t\t\t<div class=\"elementor-element elementor-element-2ef045f7 elementor-widget elementor-widget-heading\" data-id=\"2ef045f7\" data-element_type=\"widget\" data-e-type=\"widget\" data-widget_type=\"heading.default\">\n\t\t\t\t\t<h5 class=\"elementor-heading-title elementor-size-default\">charg\u00e9 de communication et auto entrepreneur<\/h5>\t\t\t\t<\/div>\n\t\t\t\t<div class=\"elementor-element elementor-element-6cca1cbf elementor-widget elementor-widget-text-editor\" data-id=\"6cca1cbf\" data-element_type=\"widget\" data-e-type=\"widget\" data-widget_type=\"text-editor.default\">\n\t\t\t\t\t\t\t\t\t<p><span class=\"a_GcMg font-feature-liga-off font-feature-clig-off font-feature-calt-off text-decoration-none text-strikethrough-none\" style=\"color: rgba(89,90,90,var(--o42jjq,1)); caret-color: #595a5a; --ys-xuq: none; font-kerning: none;\">Passionn\u00e9 par l&#8217;innovation, je conjugue une exp\u00e9rience en cr\u00e9ation de contenu, ayant collabor\u00e9 avec des leaders de la tech (Google, Lenovo, Samsung), et des comp\u00e9tences en communication digitale que je d\u00e9ploie au sein d\u2019EDF R&amp;D. Sp\u00e9cialis\u00e9 dans la vulgarisation technique, je sais m&#8217;approprier des sujets complexes pour en faire des contenus engageants.<\/span><\/p>\t\t\t\t\t\t\t\t<\/div>\n\t\t\t\t<div class=\"elementor-element elementor-element-0cf845c elementor-widget elementor-widget-button\" data-id=\"0cf845c\" data-element_type=\"widget\" data-e-type=\"widget\" data-widget_type=\"button.default\">\n\t\t\t\t\t\t\t\t\t\t<a class=\"elementor-button elementor-button-link elementor-size-sm\" href=\"https:\/\/antoinebigotte.ovh\/?page_id=84\">\n\t\t\t\t\t\t<span class=\"elementor-button-content-wrapper\">\n\t\t\t\t\t\t\t\t\t<span class=\"elementor-button-text\">D\u00e9couvrez mes projets<\/span>\n\t\t\t\t\t<\/span>\n\t\t\t\t\t<\/a>\n\t\t\t\t\t\t\t\t<\/div>\n\t\t\t\t<\/div>\n\t\t<div class=\"elementor-element elementor-element-5b47e6ab e-con-full e-flex e-con e-child\" data-id=\"5b47e6ab\" data-element_type=\"container\" data-e-type=\"container\">\n\t\t\t\t<div class=\"elementor-element elementor-element-3f9683f3 elementor-widget elementor-widget-image\" data-id=\"3f9683f3\" data-element_type=\"widget\" data-e-type=\"widget\" data-widget_type=\"image.default\">\n\t\t\t\t\t\t\t\t\t\t\t\t\t\t\t<img fetchpriority=\"high\" decoding=\"async\" width=\"1000\" height=\"1000\" src=\"http:\/\/antoinebigotte.ovh\/wp-content\/uploads\/2026\/03\/Design-sans-titre-2.png\" class=\"attachment-full size-full wp-image-67\" alt=\"\" srcset=\"http:\/\/antoinebigotte.ovh\/wp-content\/uploads\/2026\/03\/Design-sans-titre-2.png 1000w, http:\/\/antoinebigotte.ovh\/wp-content\/uploads\/2026\/03\/Design-sans-titre-2-300x300.png 300w, http:\/\/antoinebigotte.ovh\/wp-content\/uploads\/2026\/03\/Design-sans-titre-2-150x150.png 150w, http:\/\/antoinebigotte.ovh\/wp-content\/uploads\/2026\/03\/Design-sans-titre-2-768x768.png 768w\" sizes=\"(max-width: 1000px) 100vw, 1000px\" \/>\t\t\t\t\t\t\t\t\t\t\t\t\t\t\t<\/div>\n\t\t\t\t<\/div>\n\t\t\t\t\t<\/div>\n\t\t\t\t<\/div>\n\t\t\t\t<\/div>\n\t\t","protected":false},"excerpt":{"rendered":"<p>Antoine BIGOTTE charg\u00e9 de communication et auto entrepreneur Passionn\u00e9 par l&#8217;innovation, je conjugue une exp\u00e9rience en cr\u00e9ation de contenu, ayant collabor\u00e9 avec des leaders de la tech (Google, Lenovo, Samsung), et des comp\u00e9tences en communication digitale que je d\u00e9ploie au sein d\u2019EDF R&amp;D. Sp\u00e9cialis\u00e9 dans la vulgarisation technique, je sais m&#8217;approprier des sujets complexes pour [&hellip;]<\/p>\n","protected":false},"author":1,"featured_media":46,"parent":0,"menu_order":0,"comment_status":"closed","ping_status":"closed","template":"elementor_header_footer","meta":{"footnotes":""},"class_list":["post-42","page","type-page","status-publish","has-post-thumbnail","hentry"],"_links":{"self":[{"href":"https:\/\/antoinebigotte.ovh\/index.php?rest_route=\/wp\/v2\/pages\/42","targetHints":{"allow":["GET"]}}],"collection":[{"href":"https:\/\/antoinebigotte.ovh\/index.php?rest_route=\/wp\/v2\/pages"}],"about":[{"href":"https:\/\/antoinebigotte.ovh\/index.php?rest_route=\/wp\/v2\/types\/page"}],"author":[{"embeddable":true,"href":"https:\/\/antoinebigotte.ovh\/index.php?rest_route=\/wp\/v2\/users\/1"}],"replies":[{"embeddable":true,"href":"https:\/\/antoinebigotte.ovh\/index.php?rest_route=%2Fwp%2Fv2%2Fcomments&post=42"}],"version-history":[{"count":29,"href":"https:\/\/antoinebigotte.ovh\/index.php?rest_route=\/wp\/v2\/pages\/42\/revisions"}],"predecessor-version":[{"id":114,"href":"https:\/\/antoinebigotte.ovh\/index.php?rest_route=\/wp\/v2\/pages\/42\/revisions\/114"}],"wp:featuredmedia":[{"embeddable":true,"href":"https:\/\/antoinebigotte.ovh\/index.php?rest_route=\/wp\/v2\/media\/46"}],"wp:attachment":[{"href":"https:\/\/antoinebigotte.ovh\/index.php?rest_route=%2Fwp%2Fv2%2Fmedia&parent=42"}],"curies":[{"name":"wp","href":"https:\/\/api.w.org\/{rel}","templated":true}]}}